{"id":20,"date":"2023-04-01T10:29:47","date_gmt":"2023-04-01T10:29:47","guid":{"rendered":"https:\/\/www.xn--zriph-kva.ch\/?page_id=20"},"modified":"2024-02-08T12:08:52","modified_gmt":"2024-02-08T11:08:52","slug":"verhaltenskodex","status":"publish","type":"page","link":"https:\/\/www.xn--zriph-kva.ch\/?page_id=20","title":{"rendered":"Verhaltenskodex"},"content":{"rendered":"\t\t<div data-elementor-type=\"wp-page\" data-elementor-id=\"20\" class=\"elementor elementor-20\">\n\t\t\t\t\t\t<section class=\"elementor-section elementor-top-section elementor-element elementor-element-6caba9b elementor-section-full_width elementor-section-height-default elementor-section-height-default\" data-id=\"6caba9b\" data-element_type=\"section\" data-e-type=\"section\">\n\t\t\t\t\t\t<div class=\"elementor-container elementor-column-gap-default\">\n\t\t\t\t\t<div class=\"elementor-column elementor-col-100 elementor-top-column elementor-element elementor-element-8e27082\" data-id=\"8e27082\" data-element_type=\"column\" data-e-type=\"column\">\n\t\t\t<div class=\"elementor-widget-wrap elementor-element-populated\">\n\t\t\t\t\t\t<div class=\"elementor-element elementor-element-2c4b02f elementor-widget elementor-widget-image\" data-id=\"2c4b02f\" data-element_type=\"widget\" data-e-type=\"widget\" data-widget_type=\"image.default\">\n\t\t\t\t<div class=\"elementor-widget-container\">\n\t\t\t\t\t\t\t\t\t\t\t\t\t\t\t<img fetchpriority=\"high\" decoding=\"async\" width=\"1873\" height=\"1174\" src=\"https:\/\/www.xn--zriph-kva.ch\/wp-content\/uploads\/2024\/02\/WhatsApp-Bild-2024-02-03-um-11.29.16_240dbb8f-e1707390512523.jpg\" class=\"attachment-full size-full wp-image-451\" alt=\"Pond Hockey Z\u00fcrich\" srcset=\"https:\/\/www.xn--zriph-kva.ch\/wp-content\/uploads\/2024\/02\/WhatsApp-Bild-2024-02-03-um-11.29.16_240dbb8f-e1707390512523.jpg 1873w, https:\/\/www.xn--zriph-kva.ch\/wp-content\/uploads\/2024\/02\/WhatsApp-Bild-2024-02-03-um-11.29.16_240dbb8f-e1707390512523-300x188.jpg 300w, https:\/\/www.xn--zriph-kva.ch\/wp-content\/uploads\/2024\/02\/WhatsApp-Bild-2024-02-03-um-11.29.16_240dbb8f-e1707390512523-1024x642.jpg 1024w, https:\/\/www.xn--zriph-kva.ch\/wp-content\/uploads\/2024\/02\/WhatsApp-Bild-2024-02-03-um-11.29.16_240dbb8f-e1707390512523-768x481.jpg 768w, https:\/\/www.xn--zriph-kva.ch\/wp-content\/uploads\/2024\/02\/WhatsApp-Bild-2024-02-03-um-11.29.16_240dbb8f-e1707390512523-1536x963.jpg 1536w, https:\/\/www.xn--zriph-kva.ch\/wp-content\/uploads\/2024\/02\/WhatsApp-Bild-2024-02-03-um-11.29.16_240dbb8f-e1707390512523-600x376.jpg 600w, https:\/\/www.xn--zriph-kva.ch\/wp-content\/uploads\/2024\/02\/WhatsApp-Bild-2024-02-03-um-11.29.16_240dbb8f-e1707390512523-1200x752.jpg 1200w\" sizes=\"100vw\" \/>\t\t\t\t\t\t\t\t\t\t\t\t\t\t\t<\/div>\n\t\t\t\t<\/div>\n\t\t\t\t\t<\/div>\n\t\t<\/div>\n\t\t\t\t\t<\/div>\n\t\t<\/section>\n\t\t\t\t<section class=\"elementor-section elementor-top-section elementor-element elementor-element-eedaced elementor-section-boxed elementor-section-height-default elementor-section-height-default\" data-id=\"eedaced\" data-element_type=\"section\" data-e-type=\"section\">\n\t\t\t\t\t\t<div class=\"elementor-container elementor-column-gap-default\">\n\t\t\t\t\t<div class=\"elementor-column elementor-col-100 elementor-top-column elementor-element elementor-element-dffe1aa\" data-id=\"dffe1aa\" data-element_type=\"column\" data-e-type=\"column\">\n\t\t\t<div class=\"elementor-widget-wrap elementor-element-populated\">\n\t\t\t\t\t\t<div class=\"elementor-element elementor-element-264995d elementor-widget elementor-widget-spacer\" data-id=\"264995d\" data-element_type=\"widget\" data-e-type=\"widget\" data-widget_type=\"spacer.default\">\n\t\t\t\t<div class=\"elementor-widget-container\">\n\t\t\t\t\t\t\t<div class=\"elementor-spacer\">\n\t\t\t<div class=\"elementor-spacer-inner\"><\/div>\n\t\t<\/div>\n\t\t\t\t\t\t<\/div>\n\t\t\t\t<\/div>\n\t\t\t\t\t<\/div>\n\t\t<\/div>\n\t\t\t\t\t<\/div>\n\t\t<\/section>\n\t\t\t\t<section class=\"elementor-section elementor-top-section elementor-element elementor-element-2648fa3e elementor-section-boxed elementor-section-height-default elementor-section-height-default\" data-id=\"2648fa3e\" data-element_type=\"section\" data-e-type=\"section\">\n\t\t\t\t\t\t<div class=\"elementor-container elementor-column-gap-default\">\n\t\t\t\t\t<div class=\"elementor-column elementor-col-100 elementor-top-column elementor-element elementor-element-6704a174\" data-id=\"6704a174\" data-element_type=\"column\" data-e-type=\"column\">\n\t\t\t<div class=\"elementor-widget-wrap elementor-element-populated\">\n\t\t\t\t\t\t<div class=\"elementor-element elementor-element-2c05e4c3 elementor-widget elementor-widget-text-editor\" data-id=\"2c05e4c3\" data-element_type=\"widget\" data-e-type=\"widget\" data-widget_type=\"text-editor.default\">\n\t\t\t\t<div class=\"elementor-widget-container\">\n\t\t\t\t\t\t\t\t\t\n<p>Z\u00fcri Pond Hockey Verhaltenskodex und Spielregeln<\/p>\n\n<p><strong>Kodex<\/strong><\/p>\n\n<p>Der Spass steht im Vordergrund.<\/p>\n\n<p>Wir gehen respektvoll miteinander um.<\/p>\n\n<p>W\u00e4hrend des Trainings\/Spiels sind alkoholhaltige Getr\u00e4nke absolut tabu.<\/p>\n\n<p><strong>Ausr\u00fcstung<\/strong><\/p>\n\n<p>Helm und Hockeyhandschuhe sind Pflicht.<\/p>\n\n<p>F\u00fcr den restlichen Schutz ist jeder selber verantwortlich, wir empfehlen zus\u00e4tzlich Schienbeinschoner und Ellenbogenschoner. Weitere Ausr\u00fcstungsgegenst\u00e4nde sind freiwillig.<\/p>\n\n<p class=\"has-pale-pink-color has-text-color\">Die Ausr\u00fcstung dient einzig dem Schutz und soll nicht eine aggressive Spielweise erm\u00f6glichen!<\/p>\n\n<p><strong>Spielregeln<\/strong><\/p>\n\n<p>Es gibt keine Bullys.<\/p>\n\n<p>KEIN K\u00f6rperspiel.<\/p>\n\n<p>Es gibt kein Offside oder unerlaubte Befreiungsschl\u00e4ge.<\/p>\n\n<p>Keine hohen oder Slap Sch\u00fcsse, Flip P\u00e4sse sind grunds\u00e4tzlich erlaubt.<\/p>\n\n<p>Bei Tor zieht sich die Mannschaft, die getroffen hat, zur\u00fcck.<\/p>\n\n<p>Bei Verst\u00f6ssen gegen den Verhaltenskodex oder die Regeln beh\u00e4lt sich der Vorstand vor, den Spieler vom Spiel oder Verein auszuschliessen<\/p>\n\n<p>\u00a0<\/p>\n\t\t\t\t\t\t\t\t<\/div>\n\t\t\t\t<\/div>\n\t\t\t\t\t<\/div>\n\t\t<\/div>\n\t\t\t\t\t<\/div>\n\t\t<\/section>\n\t\t\t\t<section class=\"elementor-section elementor-top-section elementor-element elementor-element-6858846 elementor-section-boxed elementor-section-height-default elementor-section-height-default\" data-id=\"6858846\" data-element_type=\"section\" data-e-type=\"section\">\n\t\t\t\t\t\t<div class=\"elementor-container elementor-column-gap-default\">\n\t\t\t\t\t<div class=\"elementor-column elementor-col-100 elementor-top-column elementor-element elementor-element-4b67123\" data-id=\"4b67123\" data-element_type=\"column\" data-e-type=\"column\">\n\t\t\t<div class=\"elementor-widget-wrap elementor-element-populated\">\n\t\t\t\t\t\t<div class=\"elementor-element elementor-element-0b84685 elementor-widget elementor-widget-spacer\" data-id=\"0b84685\" data-element_type=\"widget\" data-e-type=\"widget\" data-widget_type=\"spacer.default\">\n\t\t\t\t<div class=\"elementor-widget-container\">\n\t\t\t\t\t\t\t<div class=\"elementor-spacer\">\n\t\t\t<div class=\"elementor-spacer-inner\"><\/div>\n\t\t<\/div>\n\t\t\t\t\t\t<\/div>\n\t\t\t\t<\/div>\n\t\t\t\t\t<\/div>\n\t\t<\/div>\n\t\t\t\t\t<\/div>\n\t\t<\/section>\n\t\t\t\t<section class=\"elementor-section elementor-top-section elementor-element elementor-element-4df8cfa elementor-section-boxed elementor-section-height-default elementor-section-height-default\" data-id=\"4df8cfa\" data-element_type=\"section\" data-e-type=\"section\">\n\t\t\t\t\t\t<div class=\"elementor-container elementor-column-gap-default\">\n\t\t\t\t\t<div class=\"elementor-column elementor-col-33 elementor-top-column elementor-element elementor-element-1b8c431\" data-id=\"1b8c431\" data-element_type=\"column\" data-e-type=\"column\">\n\t\t\t<div class=\"elementor-widget-wrap\">\n\t\t\t\t\t\t\t<\/div>\n\t\t<\/div>\n\t\t\t\t<div class=\"elementor-column elementor-col-33 elementor-top-column elementor-element elementor-element-93155e0\" data-id=\"93155e0\" data-element_type=\"column\" data-e-type=\"column\">\n\t\t\t<div class=\"elementor-widget-wrap elementor-element-populated\">\n\t\t\t\t\t\t<div class=\"elementor-element elementor-element-b21a53a elementor-widget elementor-widget-image\" data-id=\"b21a53a\" data-element_type=\"widget\" data-e-type=\"widget\" data-widget_type=\"image.default\">\n\t\t\t\t<div class=\"elementor-widget-container\">\n\t\t\t\t\t\t\t\t\t\t\t\t\t\t\t<img decoding=\"async\" width=\"263\" height=\"300\" src=\"https:\/\/www.xn--zriph-kva.ch\/wp-content\/uploads\/2023\/06\/Hp-logo-smal-263x300.jpg\" class=\"attachment-medium size-medium wp-image-83\" alt=\"pond hockey z\u00fcrich\" srcset=\"https:\/\/www.xn--zriph-kva.ch\/wp-content\/uploads\/2023\/06\/Hp-logo-smal-263x300.jpg 263w, https:\/\/www.xn--zriph-kva.ch\/wp-content\/uploads\/2023\/06\/Hp-logo-smal.jpg 323w\" sizes=\"100vw\" \/>\t\t\t\t\t\t\t\t\t\t\t\t\t\t\t<\/div>\n\t\t\t\t<\/div>\n\t\t\t\t\t<\/div>\n\t\t<\/div>\n\t\t\t\t<div class=\"elementor-column elementor-col-33 elementor-top-column elementor-element elementor-element-816cf12\" data-id=\"816cf12\" data-element_type=\"column\" data-e-type=\"column\">\n\t\t\t<div class=\"elementor-widget-wrap\">\n\t\t\t\t\t\t\t<\/div>\n\t\t<\/div>\n\t\t\t\t\t<\/div>\n\t\t<\/section>\n\t\t\t\t<\/div>\n\t\t","protected":false},"excerpt":{"rendered":"<p>Z\u00fcri Pond Hockey Verhaltenskodex und Spielregeln Kodex Der Spass steht im Vordergrund. Wir gehen respektvoll miteinander um. W\u00e4hrend des Trainings\/Spiels sind alkoholhaltige Getr\u00e4nke absolut tabu. Ausr\u00fcstung Helm und Hockeyhandschuhe sind &hellip; <\/p>\n<p class=\"link-more\"><a href=\"https:\/\/www.xn--zriph-kva.ch\/?page_id=20\" class=\"more-link\">Mehr <span class=\"screen-reader-text\">\u00fcber &#8222;Verhaltenskodex&#8220; <\/span>Lesen<\/a><\/p>\n","protected":false},"author":1,"featured_media":0,"parent":0,"menu_order":0,"comment_status":"closed","ping_status":"closed","template":"","meta":{"footnotes":""},"class_list":["post-20","page","type-page","status-publish","hentry"],"featured_media_urls":[],"_links":{"self":[{"href":"https:\/\/www.xn--zriph-kva.ch\/index.php?rest_route=\/wp\/v2\/pages\/20","targetHints":{"allow":["GET"]}}],"collection":[{"href":"https:\/\/www.xn--zriph-kva.ch\/index.php?rest_route=\/wp\/v2\/pages"}],"about":[{"href":"https:\/\/www.xn--zriph-kva.ch\/index.php?rest_route=\/wp\/v2\/types\/page"}],"author":[{"embeddable":true,"href":"https:\/\/www.xn--zriph-kva.ch\/index.php?rest_route=\/wp\/v2\/users\/1"}],"replies":[{"embeddable":true,"href":"https:\/\/www.xn--zriph-kva.ch\/index.php?rest_route=%2Fwp%2Fv2%2Fcomments&post=20"}],"version-history":[{"count":31,"href":"https:\/\/www.xn--zriph-kva.ch\/index.php?rest_route=\/wp\/v2\/pages\/20\/revisions"}],"predecessor-version":[{"id":457,"href":"https:\/\/www.xn--zriph-kva.ch\/index.php?rest_route=\/wp\/v2\/pages\/20\/revisions\/457"}],"wp:attachment":[{"href":"https:\/\/www.xn--zriph-kva.ch\/index.php?rest_route=%2Fwp%2Fv2%2Fmedia&parent=20"}],"curies":[{"name":"wp","href":"https:\/\/api.w.org\/{rel}","templated":true}]}}