{"id":2,"date":"2016-05-10T03:48:21","date_gmt":"2016-05-10T03:48:21","guid":{"rendered":"https:\/\/www.xn--zriph-kva.ch\/?page_id=2"},"modified":"2024-02-08T12:13:13","modified_gmt":"2024-02-08T11:13:13","slug":"sample-page","status":"publish","type":"page","link":"https:\/\/www.xn--zriph-kva.ch\/?page_id=2","title":{"rendered":"Gr\u00fcndung"},"content":{"rendered":"\t\t<div data-elementor-type=\"wp-page\" data-elementor-id=\"2\" class=\"elementor elementor-2\">\n\t\t\t\t\t\t<section class=\"elementor-section elementor-top-section elementor-element elementor-element-38825fc elementor-section-full_width elementor-section-height-default elementor-section-height-default\" data-id=\"38825fc\" data-element_type=\"section\" data-e-type=\"section\">\n\t\t\t\t\t\t<div class=\"elementor-container elementor-column-gap-default\">\n\t\t\t\t\t<div class=\"elementor-column elementor-col-100 elementor-top-column elementor-element elementor-element-11396c1\" data-id=\"11396c1\" data-element_type=\"column\" data-e-type=\"column\">\n\t\t\t<div class=\"elementor-widget-wrap elementor-element-populated\">\n\t\t\t\t\t\t<div class=\"elementor-element elementor-element-95e9bef elementor-widget elementor-widget-image\" data-id=\"95e9bef\" data-element_type=\"widget\" data-e-type=\"widget\" data-widget_type=\"image.default\">\n\t\t\t\t<div class=\"elementor-widget-container\">\n\t\t\t\t\t\t\t\t\t\t\t\t\t\t\t<img fetchpriority=\"high\" decoding=\"async\" width=\"1600\" height=\"1200\" src=\"https:\/\/www.xn--zriph-kva.ch\/wp-content\/uploads\/2024\/02\/WhatsApp-Bild-2024-02-03-um-22.43.14_af29ec06.jpg\" class=\"attachment-full size-full wp-image-429\" alt=\"Pond Hockey Z\u00fcrich\" srcset=\"https:\/\/www.xn--zriph-kva.ch\/wp-content\/uploads\/2024\/02\/WhatsApp-Bild-2024-02-03-um-22.43.14_af29ec06.jpg 1600w, https:\/\/www.xn--zriph-kva.ch\/wp-content\/uploads\/2024\/02\/WhatsApp-Bild-2024-02-03-um-22.43.14_af29ec06-300x225.jpg 300w, https:\/\/www.xn--zriph-kva.ch\/wp-content\/uploads\/2024\/02\/WhatsApp-Bild-2024-02-03-um-22.43.14_af29ec06-1024x768.jpg 1024w, https:\/\/www.xn--zriph-kva.ch\/wp-content\/uploads\/2024\/02\/WhatsApp-Bild-2024-02-03-um-22.43.14_af29ec06-768x576.jpg 768w, https:\/\/www.xn--zriph-kva.ch\/wp-content\/uploads\/2024\/02\/WhatsApp-Bild-2024-02-03-um-22.43.14_af29ec06-1536x1152.jpg 1536w, https:\/\/www.xn--zriph-kva.ch\/wp-content\/uploads\/2024\/02\/WhatsApp-Bild-2024-02-03-um-22.43.14_af29ec06-600x450.jpg 600w, https:\/\/www.xn--zriph-kva.ch\/wp-content\/uploads\/2024\/02\/WhatsApp-Bild-2024-02-03-um-22.43.14_af29ec06-1200x900.jpg 1200w\" sizes=\"100vw\" \/>\t\t\t\t\t\t\t\t\t\t\t\t\t\t\t<\/div>\n\t\t\t\t<\/div>\n\t\t\t\t\t<\/div>\n\t\t<\/div>\n\t\t\t\t\t<\/div>\n\t\t<\/section>\n\t\t\t\t<section class=\"elementor-section elementor-top-section elementor-element elementor-element-3a33dca0 elementor-section-boxed elementor-section-height-default elementor-section-height-default\" data-id=\"3a33dca0\" data-element_type=\"section\" data-e-type=\"section\">\n\t\t\t\t\t\t<div class=\"elementor-container elementor-column-gap-default\">\n\t\t\t\t\t<div class=\"elementor-column elementor-col-100 elementor-top-column elementor-element elementor-element-1ea140f7\" data-id=\"1ea140f7\" data-element_type=\"column\" data-e-type=\"column\">\n\t\t\t<div class=\"elementor-widget-wrap elementor-element-populated\">\n\t\t\t\t\t\t<div class=\"elementor-element elementor-element-8e47c83 elementor-widget elementor-widget-spacer\" data-id=\"8e47c83\" data-element_type=\"widget\" data-e-type=\"widget\" data-widget_type=\"spacer.default\">\n\t\t\t\t<div class=\"elementor-widget-container\">\n\t\t\t\t\t\t\t<div class=\"elementor-spacer\">\n\t\t\t<div class=\"elementor-spacer-inner\"><\/div>\n\t\t<\/div>\n\t\t\t\t\t\t<\/div>\n\t\t\t\t<\/div>\n\t\t\t\t\t<\/div>\n\t\t<\/div>\n\t\t\t\t\t<\/div>\n\t\t<\/section>\n\t\t\t\t<section class=\"elementor-section elementor-top-section elementor-element elementor-element-68883e5 elementor-section-boxed elementor-section-height-default elementor-section-height-default\" data-id=\"68883e5\" data-element_type=\"section\" data-e-type=\"section\">\n\t\t\t\t\t\t<div class=\"elementor-container elementor-column-gap-default\">\n\t\t\t\t\t<div class=\"elementor-column elementor-col-33 elementor-top-column elementor-element elementor-element-261375f\" data-id=\"261375f\" data-element_type=\"column\" data-e-type=\"column\">\n\t\t\t<div class=\"elementor-widget-wrap\">\n\t\t\t\t\t\t\t<\/div>\n\t\t<\/div>\n\t\t\t\t<div class=\"elementor-column elementor-col-33 elementor-top-column elementor-element elementor-element-e12462c\" data-id=\"e12462c\" data-element_type=\"column\" data-e-type=\"column\">\n\t\t\t<div class=\"elementor-widget-wrap elementor-element-populated\">\n\t\t\t\t\t\t<div class=\"elementor-element elementor-element-2f204418 elementor-widget elementor-widget-text-editor\" data-id=\"2f204418\" data-element_type=\"widget\" data-e-type=\"widget\" data-widget_type=\"text-editor.default\">\n\t\t\t\t<div class=\"elementor-widget-container\">\n\t\t\t\t\t\t\t\t\t<p><\/p>\n<p>30. M\u00e4rz 2023.<\/p>\n<p><\/p>\n<p><\/p>\n<p><strong>Es gr\u00fcssen die Gr\u00fcndungsv\u00e4ter:<\/strong><\/p>\n<p><\/p>\n<p><\/p>\n<p>Pr\u00e4sident: Thomas<\/p>\n<p><\/p>\n<p><\/p>\n<p>Kassier: Armando<\/p>\n<p><\/p>\n<p><\/p>\n<p>Revisor: Philipp<\/p>\n<p><\/p>\n<p><\/p>\n<p>Vize: Patrik und Roger<\/p>\n<p><\/p>\t\t\t\t\t\t\t\t<\/div>\n\t\t\t\t<\/div>\n\t\t\t\t\t<\/div>\n\t\t<\/div>\n\t\t\t\t<div class=\"elementor-column elementor-col-33 elementor-top-column elementor-element elementor-element-98308ea\" data-id=\"98308ea\" data-element_type=\"column\" data-e-type=\"column\">\n\t\t\t<div class=\"elementor-widget-wrap\">\n\t\t\t\t\t\t\t<\/div>\n\t\t<\/div>\n\t\t\t\t\t<\/div>\n\t\t<\/section>\n\t\t\t\t<section class=\"elementor-section elementor-top-section elementor-element elementor-element-10c6491 elementor-section-boxed elementor-section-height-default elementor-section-height-default\" data-id=\"10c6491\" data-element_type=\"section\" data-e-type=\"section\">\n\t\t\t\t\t\t<div class=\"elementor-container elementor-column-gap-default\">\n\t\t\t\t\t<div class=\"elementor-column elementor-col-100 elementor-top-column elementor-element elementor-element-ff98559\" data-id=\"ff98559\" data-element_type=\"column\" data-e-type=\"column\">\n\t\t\t<div class=\"elementor-widget-wrap elementor-element-populated\">\n\t\t\t\t\t\t<div class=\"elementor-element elementor-element-9864f8e elementor-widget elementor-widget-spacer\" data-id=\"9864f8e\" data-element_type=\"widget\" data-e-type=\"widget\" data-widget_type=\"spacer.default\">\n\t\t\t\t<div class=\"elementor-widget-container\">\n\t\t\t\t\t\t\t<div class=\"elementor-spacer\">\n\t\t\t<div class=\"elementor-spacer-inner\"><\/div>\n\t\t<\/div>\n\t\t\t\t\t\t<\/div>\n\t\t\t\t<\/div>\n\t\t\t\t\t<\/div>\n\t\t<\/div>\n\t\t\t\t\t<\/div>\n\t\t<\/section>\n\t\t\t\t<section class=\"elementor-section elementor-top-section elementor-element elementor-element-e6cf723 elementor-section-boxed elementor-section-height-default elementor-section-height-default\" data-id=\"e6cf723\" data-element_type=\"section\" data-e-type=\"section\">\n\t\t\t\t\t\t<div class=\"elementor-container elementor-column-gap-default\">\n\t\t\t\t\t<div class=\"elementor-column elementor-col-33 elementor-top-column elementor-element elementor-element-3ee3bde\" data-id=\"3ee3bde\" data-element_type=\"column\" data-e-type=\"column\">\n\t\t\t<div class=\"elementor-widget-wrap\">\n\t\t\t\t\t\t\t<\/div>\n\t\t<\/div>\n\t\t\t\t<div class=\"elementor-column elementor-col-33 elementor-top-column elementor-element elementor-element-5356bed\" data-id=\"5356bed\" data-element_type=\"column\" data-e-type=\"column\">\n\t\t\t<div class=\"elementor-widget-wrap elementor-element-populated\">\n\t\t\t\t\t\t<div class=\"elementor-element elementor-element-15fceb3 elementor-widget elementor-widget-image\" data-id=\"15fceb3\" data-element_type=\"widget\" data-e-type=\"widget\" data-widget_type=\"image.default\">\n\t\t\t\t<div class=\"elementor-widget-container\">\n\t\t\t\t\t\t\t\t\t\t\t\t\t\t\t<img decoding=\"async\" width=\"263\" height=\"300\" src=\"https:\/\/www.xn--zriph-kva.ch\/wp-content\/uploads\/2023\/06\/Hp-logo-smal-263x300.jpg\" class=\"attachment-medium size-medium wp-image-83\" alt=\"pond hockey z\u00fcrich\" srcset=\"https:\/\/www.xn--zriph-kva.ch\/wp-content\/uploads\/2023\/06\/Hp-logo-smal-263x300.jpg 263w, https:\/\/www.xn--zriph-kva.ch\/wp-content\/uploads\/2023\/06\/Hp-logo-smal.jpg 323w\" sizes=\"100vw\" \/>\t\t\t\t\t\t\t\t\t\t\t\t\t\t\t<\/div>\n\t\t\t\t<\/div>\n\t\t\t\t\t<\/div>\n\t\t<\/div>\n\t\t\t\t<div class=\"elementor-column elementor-col-33 elementor-top-column elementor-element elementor-element-66ba5e1\" data-id=\"66ba5e1\" data-element_type=\"column\" data-e-type=\"column\">\n\t\t\t<div class=\"elementor-widget-wrap\">\n\t\t\t\t\t\t\t<\/div>\n\t\t<\/div>\n\t\t\t\t\t<\/div>\n\t\t<\/section>\n\t\t\t\t<\/div>\n\t\t","protected":false},"excerpt":{"rendered":"<p>30. M\u00e4rz 2023. Es gr\u00fcssen die Gr\u00fcndungsv\u00e4ter: Pr\u00e4sident: Thomas Kassier: Armando Revisor: Philipp Vize: Patrik und Roger<\/p>\n","protected":false},"author":1,"featured_media":0,"parent":0,"menu_order":0,"comment_status":"closed","ping_status":"closed","template":"","meta":{"footnotes":""},"class_list":["post-2","page","type-page","status-publish","hentry"],"featured_media_urls":[],"_links":{"self":[{"href":"https:\/\/www.xn--zriph-kva.ch\/index.php?rest_route=\/wp\/v2\/pages\/2","targetHints":{"allow":["GET"]}}],"collection":[{"href":"https:\/\/www.xn--zriph-kva.ch\/index.php?rest_route=\/wp\/v2\/pages"}],"about":[{"href":"https:\/\/www.xn--zriph-kva.ch\/index.php?rest_route=\/wp\/v2\/types\/page"}],"author":[{"embeddable":true,"href":"https:\/\/www.xn--zriph-kva.ch\/index.php?rest_route=\/wp\/v2\/users\/1"}],"replies":[{"embeddable":true,"href":"https:\/\/www.xn--zriph-kva.ch\/index.php?rest_route=%2Fwp%2Fv2%2Fcomments&post=2"}],"version-history":[{"count":32,"href":"https:\/\/www.xn--zriph-kva.ch\/index.php?rest_route=\/wp\/v2\/pages\/2\/revisions"}],"predecessor-version":[{"id":467,"href":"https:\/\/www.xn--zriph-kva.ch\/index.php?rest_route=\/wp\/v2\/pages\/2\/revisions\/467"}],"wp:attachment":[{"href":"https:\/\/www.xn--zriph-kva.ch\/index.php?rest_route=%2Fwp%2Fv2%2Fmedia&parent=2"}],"curies":[{"name":"wp","href":"https:\/\/api.w.org\/{rel}","templated":true}]}}